{"id":340,"date":"2023-01-20T21:00:31","date_gmt":"2023-01-20T21:00:31","guid":{"rendered":"https:\/\/hundipea.ee\/eas-rakendusuuringute-programmi-toetus-2\/"},"modified":"2023-02-13T13:37:35","modified_gmt":"2023-02-13T13:37:35","slug":"eas-rakendusuuringute-programmi-toetus-2","status":"publish","type":"page","link":"https:\/\/hundipea.ee\/en\/eas-rakendusuuringute-programmi-toetus-2\/","title":{"rendered":"EAS Rakendusuuringute Programmi toetus"},"content":{"rendered":"\n<div class=\"wp-block-columns is-layout-flex wp-container-core-columns-is-layout-9d6595d7 wp-block-columns-is-layout-flex\">\n<div class=\"wp-block-column is-layout-flow wp-block-column-is-layout-flow\">\n<p>Projekti pealkiri<\/p>\n\n\n\n<h3 class=\"wp-block-heading\">Kliimaneutraalse piirkonna energiavarustuse ja ehituslahenduste kavandamise digitaalne t\u00f6\u00f6riist<\/h3>\n\n\n\n<hr class=\"wp-block-separator has-alpha-channel-opacity is-style-wide\"\/>\n\n\n\n<h3 class=\"wp-block-heading\">Projekti l\u00fchikirjeldus<\/h3>\n\n\n\n<p>Projekti raames arendatakse v\u00e4lja mudelil p\u00f5hinev digitaalne t\u00f6\u00f6riist, mis v\u00f5imaldab kavandada varajases planeerimisstaadiumis kliimaneutraalse energiat\u00f5hususega piirkonna energiavarustuse ja ehituslikud lahendused. Mudeli sisendiks on arendatava piirkonna omadustest tulenevad tingimused ja meeskonna poolt defineeritavad muutujad. Mudeli v\u00e4ljundiks on parameetrid, mille p\u00f5hjal saab koostada lokaalse energiavarustuse ja hoonete projekteerimise l\u00e4hte\u00fclesanded.<\/p>\n\n\n\n<hr class=\"wp-block-separator has-alpha-channel-opacity is-style-wide\"\/>\n<\/div>\n\n\n\n<div class=\"wp-block-column is-layout-flow wp-block-column-is-layout-flow\">\n<figure class=\"wp-block-image aligncenter size-full\"><img loading=\"lazy\" decoding=\"async\" width=\"262\" height=\"518\" src=\"https:\/\/hundipea.ee\/wp-content\/uploads\/2023\/02\/eas.jpg\" alt=\"\" class=\"wp-image-229\" srcset=\"https:\/\/hundipea.ee\/wp-content\/uploads\/2023\/02\/eas.jpg 262w, https:\/\/hundipea.ee\/wp-content\/uploads\/2023\/02\/eas-152x300.jpg 152w\" sizes=\"auto, (max-width: 262px) 100vw, 262px\" \/><\/figure>\n<\/div>\n<\/div>\n\n<h3 class=\"wp-block-heading\">Eesm\u00e4rk ja tulemused<\/h3>\n\n<p>Tulenevalt olemasolevast olukorrast, kus tehnoloogilisi lahendusi kliimaneutraalse piirkonna rajamiseks on palju, aga efektiivseid kasutuslahendusi \u00fchtse keskkonna loomiseks v\u00e4he, on m\u00e4\u00e4ratletud projekti eesm\u00e4rk ja sellega seoses ka oodatavad tulemused projekti l\u00f5puks.<br\/><br\/>Projekti eesm\u00e4rgiks on arendada minimaalse vajaliku detailsusega mudelil p\u00f5hinev digitaalne t\u00f6\u00f6riist, mis v\u00f5imaldab kavandada varajases planeerimisstaadiumis kliimaneutraalse energiat\u00f5hususega piirkonna ehituslikud ja energiavarustatuse lahendused. Digitaalne t\u00f6\u00f6riist on mudelil p\u00f5hinev lahendus, mille sisendiks on arendatava piirkonna omadused ja defineeritavad muutujad. Mudeli v\u00e4ljundiks on, s\u00f5ltuvalt muutujatest ja piirkonna erip\u00e4ra arvesse v\u00f5ttes, taastuvenergial p\u00f5hinevate soojus- ja jahutusvarustuse ning elektritootmise s\u00fcsteemide olulised parameetrid ning nendega sobivate ehituslike tingimuste parameetrid. Mudel t\u00f6\u00f6tatakse v\u00e4lja Tallinnas, Paljassaare poolsaarele kavandatava Hundipea piirkonna n\u00e4itel.Tulemusena on loodava digitaalse t\u00f6\u00f6riista abil v\u00f5imalik planeerida erinevate roheenergia liikide infrastrukuuri ja kasutatavuse taset, tulenevalt piirkonna erip\u00e4radest. T\u00f6\u00f6riista abil on v\u00f5imalik v\u00e4lja arvutada sobivate kliimaneutraalsete tehnoloogiate vahekorrad ehitusel ja energia tootmisel nii, et need oleksid keskkonda s\u00e4\u00e4stvad ning samal ajal majanduslikult tasuvad. Valminud digitaalse t\u00f6\u00f6riista abil projekteeritakse ja ehitatakse Paljassaare poolsaarele kliimaneutraalne keskkond. Loodud kliimaneutraalne keskkond saab olema testpiirkonnaks nii elanikele, ettev\u00f5tjatele kui ka teadusasutustele, kuidas k\u00f5ige efektiivsemalt kasutada juba olemasolevaid tehnoloogilisi lahendusi.<br\/><br\/>Paljassaare rakendus on m\u00f5eldud ainult mudeli valideerimiseks ja testimiseks. Eesm\u00e4rk on m\u00fc\u00fca mudelit ja selle rakendamisega seotud teenuseid \u00fclemaailmselt. Paljassaare katseobjekti olemasolu loob eeldused rahvusvaheliste klientide erinevate probleemide katsetamiseks reaalsete Eesti kohalike objektidega.<\/p>\n\n<hr class=\"wp-block-separator has-alpha-channel-opacity is-style-wide\"\/>\n\n<div class=\"wp-block-columns is-layout-flex wp-container-core-columns-is-layout-9d6595d7 wp-block-columns-is-layout-flex\">\n<div class=\"wp-block-column is-layout-flow wp-block-column-is-layout-flow\">\n<p>Toetuse summa:<\/p>\n\n\n\n<p class=\"has-large-font-size\">323 125 EUR<\/p>\n<\/div>\n\n\n\n<div class=\"wp-block-column is-layout-flow wp-block-column-is-layout-flow\">\n<p>Rahastatakse liidu COVID-19 pandeemiale reageerimise raames.<\/p>\n<\/div>\n<\/div>\n","protected":false},"excerpt":{"rendered":"<p>Projekti pealkiri Kliimaneutraalse piirkonna energiavarustuse ja ehituslahenduste kavandamise digitaalne t\u00f6\u00f6riist Projekti l\u00fchikirjeldus Projekti raames arendatakse v\u00e4lja mudelil p\u00f5hinev digitaalne t\u00f6\u00f6riist, &#8230;<\/p>\n","protected":false},"author":1,"featured_media":0,"parent":0,"menu_order":0,"comment_status":"closed","ping_status":"closed","template":"","meta":{"_acf_changed":false,"footnotes":""},"class_list":["post-340","page","type-page","status-publish","hentry"],"acf":[],"_links":{"self":[{"href":"https:\/\/hundipea.ee\/en\/wp-json\/wp\/v2\/pages\/340","targetHints":{"allow":["GET"]}}],"collection":[{"href":"https:\/\/hundipea.ee\/en\/wp-json\/wp\/v2\/pages"}],"about":[{"href":"https:\/\/hundipea.ee\/en\/wp-json\/wp\/v2\/types\/page"}],"author":[{"embeddable":true,"href":"https:\/\/hundipea.ee\/en\/wp-json\/wp\/v2\/users\/1"}],"replies":[{"embeddable":true,"href":"https:\/\/hundipea.ee\/en\/wp-json\/wp\/v2\/comments?post=340"}],"version-history":[{"count":3,"href":"https:\/\/hundipea.ee\/en\/wp-json\/wp\/v2\/pages\/340\/revisions"}],"predecessor-version":[{"id":343,"href":"https:\/\/hundipea.ee\/en\/wp-json\/wp\/v2\/pages\/340\/revisions\/343"}],"wp:attachment":[{"href":"https:\/\/hundipea.ee\/en\/wp-json\/wp\/v2\/media?parent=340"}],"curies":[{"name":"wp","href":"https:\/\/api.w.org\/{rel}","templated":true}]}}